{"id":268,"date":"2021-09-29T07:52:40","date_gmt":"2021-09-29T07:52:40","guid":{"rendered":"http:\/\/jeanpierrelopez.com\/?page_id=268"},"modified":"2024-01-29T18:33:38","modified_gmt":"2024-01-29T18:33:38","slug":"about","status":"publish","type":"page","link":"https:\/\/jeanpierrelopez.com\/fr\/about\/","title":{"rendered":"\u00c0 propos de"},"content":{"rendered":"<div data-elementor-type=\"wp-page\" data-elementor-id=\"268\" class=\"elementor elementor-268\" data-elementor-settings=\"[]\">\n\t\t\t\t\t\t\t<div class=\"elementor-section-wrap\">\n\t\t\t\t\t\t\t<section class=\"elementor-section elementor-top-section elementor-element elementor-element-4f957a8 elementor-section-boxed elementor-section-height-default elementor-section-height-default\" data-id=\"4f957a8\" data-element_type=\"section\">\n\t\t\t\t\t\t<div class=\"elementor-container elementor-column-gap-no\">\n\t\t\t\t\t<div class=\"elementor-column elementor-col-100 elementor-top-column elementor-element elementor-element-bd52923\" data-id=\"bd52923\" data-element_type=\"column\">\n\t\t\t<div class=\"elementor-widget-wrap elementor-element-populated\">\n\t\t\t\t\t\t\t\t<div class=\"elementor-element elementor-element-30f46fe elementor-widget elementor-widget-html\" data-id=\"30f46fe\" data-element_type=\"widget\" data-widget_type=\"html.default\">\n\t\t\t\t<div class=\"elementor-widget-container\">\n\t\t\t<div class=\"cursor\">\r\n  <div class=\"vt\"><\/div>\r\n  <div class=\"hl\"><\/div>\r\n<\/div>\r\n\r\n<script>\r\n    const cursorVT = document.querySelector('.vt')\r\nconst cursorHL = document.querySelector('.hl')\r\n\r\ndocument.addEventListener('mousemove', e => {\r\n  cursorVT.setAttribute('style', `left: ${e.clientX}px;`)\r\n  cursorHL.setAttribute('style', `top: ${e.clientY}px;`)\r\n})\r\n<\/script>\t\t<\/div>\n\t\t\t\t<\/div>\n\t\t\t\t\t<\/div>\n\t\t<\/div>\n\t\t\t\t\t\t\t<\/div>\n\t\t<\/section>\n\t\t\t\t<section class=\"elementor-section elementor-top-section elementor-element elementor-element-65d5aad3 elementor-section-height-min-height elementor-section-content-middle elementor-section-items-stretch elementor-reverse-mobile elementor-section-full_width elementor-section-height-default\" data-id=\"65d5aad3\" data-element_type=\"section\" data-settings=\"{&quot;background_background&quot;:&quot;classic&quot;,&quot;background_motion_fx_motion_fx_scrolling&quot;:&quot;yes&quot;,&quot;background_motion_fx_translateY_effect&quot;:&quot;yes&quot;,&quot;background_motion_fx_devices&quot;:[&quot;desktop&quot;],&quot;background_motion_fx_range&quot;:&quot;page&quot;,&quot;background_motion_fx_translateY_speed&quot;:{&quot;unit&quot;:&quot;px&quot;,&quot;size&quot;:6.8,&quot;sizes&quot;:[]},&quot;background_motion_fx_translateY_affectedRange&quot;:{&quot;unit&quot;:&quot;%&quot;,&quot;size&quot;:&quot;&quot;,&quot;sizes&quot;:{&quot;start&quot;:16,&quot;end&quot;:86}}}\">\n\t\t\t\t\t\t<div class=\"elementor-container elementor-column-gap-no\">\n\t\t\t\t\t<div class=\"elementor-column elementor-col-50 elementor-top-column elementor-element elementor-element-6b8f0514\" data-id=\"6b8f0514\" data-element_type=\"column\">\n\t\t\t<div class=\"elementor-widget-wrap elementor-element-populated\">\n\t\t\t\t\t\t\t\t<div class=\"elementor-element elementor-element-34fd4ba elementor-widget elementor-widget-heading\" data-id=\"34fd4ba\" data-element_type=\"widget\" data-widget_type=\"heading.default\">\n\t\t\t\t<div class=\"elementor-widget-container\">\n\t\t\t<h4 class=\"elementor-heading-title elementor-size-default\">Fabriqu\u00e9 \u00e0 Ibiza<\/h4>\t\t<\/div>\n\t\t\t\t<\/div>\n\t\t\t\t<div class=\"elementor-element elementor-element-68f127c4 elementor-widget elementor-widget-heading\" data-id=\"68f127c4\" data-element_type=\"widget\" data-widget_type=\"heading.default\">\n\t\t\t\t<div class=\"elementor-widget-container\">\n\t\t\t<h1 class=\"elementor-heading-title elementor-size-default\">Le studio<\/h1>\t\t<\/div>\n\t\t\t\t<\/div>\n\t\t\t\t<div class=\"elementor-element elementor-element-6a762010 elementor-widget-divider--view-line elementor-widget elementor-widget-divider\" data-id=\"6a762010\" data-element_type=\"widget\" data-widget_type=\"divider.default\">\n\t\t\t\t<div class=\"elementor-widget-container\">\n\t\t\t\t\t<div class=\"elementor-divider\">\n\t\t\t<span class=\"elementor-divider-separator\">\n\t\t\t\t\t\t<\/span>\n\t\t<\/div>\n\t\t\t\t<\/div>\n\t\t\t\t<\/div>\n\t\t\t\t<div class=\"elementor-element elementor-element-4e100ad0 elementor-widget elementor-widget-text-editor\" data-id=\"4e100ad0\" data-element_type=\"widget\" data-widget_type=\"text-editor.default\">\n\t\t\t\t<div class=\"elementor-widget-container\">\n\t\t\t\t\t\t\t<p>Le studio Jean-Pierre Lopez est un vaisseau spatial situ\u00e9 entre mer et montagne, \u00e0 Ibiza. Le leitmotiv de la maison est de cr\u00e9er et d'innover, loin des codes actuels de la production de masse de v\u00eatements. Ici, le silence et le temps pr\u00e9valent. Chaque v\u00eatement est int\u00e9gralement fabriqu\u00e9 \u00e0 Ibiza.<\/p><p>Nous ne sommes pas des artisans, nous  sommes bien plus que cela . La philosophie de Jean-pierre Lopez est de cr\u00e9er la surprise. Le marketing fluide et synth\u00e9tique n'entre pas par la porte de notre studio, ici nous essayons de nouvelles id\u00e9es, de nouveaux d\u00e9fis.<\/p><p>Oserez-vous porter un v\u00eatement Jean-pierre Lopez et  participer \u00e0 une nouvelle exp\u00e9rience ?<\/p>\t\t\t\t\t\t<\/div>\n\t\t\t\t<\/div>\n\t\t\t\t<div class=\"elementor-element elementor-element-c798026 elementor-align-center elementor-widget elementor-widget-button\" data-id=\"c798026\" data-element_type=\"widget\" data-widget_type=\"button.default\">\n\t\t\t\t<div class=\"elementor-widget-container\">\n\t\t\t\t\t<div class=\"elementor-button-wrapper\">\n\t\t\t<a href=\"http:\/\/jeanpierrelopez.com\/fr\/tienda\/\" class=\"elementor-button-link elementor-button elementor-size-md\" role=\"button\">\n\t\t\t\t\t\t<span class=\"elementor-button-content-wrapper\">\n\t\t\t\t\t\t<span class=\"elementor-button-text\">Voir les collections<\/span>\n\t\t<\/span>\n\t\t\t\t\t<\/a>\n\t\t<\/div>\n\t\t\t\t<\/div>\n\t\t\t\t<\/div>\n\t\t\t\t\t<\/div>\n\t\t<\/div>\n\t\t\t\t<div class=\"elementor-column elementor-col-50 elementor-top-column elementor-element elementor-element-1a072d18\" data-id=\"1a072d18\" data-element_type=\"column\" data-settings=\"{&quot;background_background&quot;:&quot;classic&quot;}\">\n\t\t\t<div class=\"elementor-widget-wrap elementor-element-populated\">\n\t\t\t\t\t<div class=\"elementor-background-overlay\"><\/div>\n\t\t\t\t\t\t\t\t<div class=\"elementor-element elementor-element-202add69 elementor-widget elementor-widget-spacer\" data-id=\"202add69\" data-element_type=\"widget\" data-widget_type=\"spacer.default\">\n\t\t\t\t<div class=\"elementor-widget-container\">\n\t\t\t\t\t<div class=\"elementor-spacer\">\n\t\t\t<div class=\"elementor-spacer-inner\"><\/div>\n\t\t<\/div>\n\t\t\t\t<\/div>\n\t\t\t\t<\/div>\n\t\t\t\t<div class=\"elementor-element elementor-element-e3593a0 elementor-widget__width-initial elementor-absolute elementor-widget-tablet__width-initial elementor-widget elementor-widget-image\" data-id=\"e3593a0\" data-element_type=\"widget\" data-settings=\"{&quot;_position&quot;:&quot;absolute&quot;,&quot;motion_fx_motion_fx_scrolling&quot;:&quot;yes&quot;,&quot;motion_fx_translateY_effect&quot;:&quot;yes&quot;,&quot;motion_fx_translateY_speed&quot;:{&quot;unit&quot;:&quot;px&quot;,&quot;size&quot;:&quot;2&quot;,&quot;sizes&quot;:[]},&quot;motion_fx_devices&quot;:[&quot;desktop&quot;,&quot;tablet&quot;],&quot;motion_fx_translateY_affectedRange&quot;:{&quot;unit&quot;:&quot;%&quot;,&quot;size&quot;:&quot;&quot;,&quot;sizes&quot;:{&quot;start&quot;:0,&quot;end&quot;:100}}}\" data-widget_type=\"image.default\">\n\t\t\t\t<div class=\"elementor-widget-container\">\n\t\t\t\t\t\t\t\t\t\t\t\t\t\t\t<img width=\"262\" height=\"357\" src=\"https:\/\/jeanpierrelopez.com\/wp-content\/uploads\/2021\/09\/GalleryPage-Shape.png\" class=\"attachment-full size-full\" alt=\"\" loading=\"lazy\" srcset=\"https:\/\/jeanpierrelopez.com\/wp-content\/uploads\/2021\/09\/GalleryPage-Shape.png 262w, https:\/\/jeanpierrelopez.com\/wp-content\/uploads\/2021\/09\/GalleryPage-Shape-220x300.png 220w\" sizes=\"(max-width: 262px) 100vw, 262px\" \/>\t\t\t\t\t\t\t\t\t\t\t\t\t\t\t<\/div>\n\t\t\t\t<\/div>\n\t\t\t\t\t<\/div>\n\t\t<\/div>\n\t\t\t\t\t\t\t<\/div>\n\t\t<\/section>\n\t\t\t\t<section class=\"elementor-section elementor-top-section elementor-element elementor-element-cee1bd2 elementor-section-height-min-height elementor-section-content-middle elementor-section-items-stretch elementor-reverse-tablet elementor-section-boxed elementor-section-height-default\" data-id=\"cee1bd2\" data-element_type=\"section\">\n\t\t\t\t\t\t<div class=\"elementor-container elementor-column-gap-default\">\n\t\t\t\t\t<div class=\"elementor-column elementor-col-50 elementor-top-column elementor-element elementor-element-1b608087 elementor-hidden-mobile\" data-id=\"1b608087\" data-element_type=\"column\">\n\t\t\t<div class=\"elementor-widget-wrap elementor-element-populated\">\n\t\t\t\t\t\t\t\t<div class=\"elementor-element elementor-element-737e1c06 elementor-widget__width-initial elementor-absolute elementor-widget-tablet__width-initial elementor-widget elementor-widget-image\" data-id=\"737e1c06\" data-element_type=\"widget\" data-settings=\"{&quot;_position&quot;:&quot;absolute&quot;,&quot;motion_fx_motion_fx_scrolling&quot;:&quot;yes&quot;,&quot;motion_fx_translateY_effect&quot;:&quot;yes&quot;,&quot;motion_fx_translateY_speed&quot;:{&quot;unit&quot;:&quot;px&quot;,&quot;size&quot;:&quot;2&quot;,&quot;sizes&quot;:[]},&quot;motion_fx_devices&quot;:[&quot;desktop&quot;,&quot;tablet&quot;],&quot;motion_fx_translateY_affectedRange&quot;:{&quot;unit&quot;:&quot;%&quot;,&quot;size&quot;:&quot;&quot;,&quot;sizes&quot;:{&quot;start&quot;:0,&quot;end&quot;:100}}}\" data-widget_type=\"image.default\">\n\t\t\t\t<div class=\"elementor-widget-container\">\n\t\t\t\t\t\t\t\t\t\t\t\t\t\t\t<img width=\"316\" height=\"566\" src=\"https:\/\/jeanpierrelopez.com\/wp-content\/uploads\/2021\/09\/AboutPage-ChefSection-Shape.png\" class=\"attachment-full size-full\" alt=\"\" loading=\"lazy\" srcset=\"https:\/\/jeanpierrelopez.com\/wp-content\/uploads\/2021\/09\/AboutPage-ChefSection-Shape.png 316w, https:\/\/jeanpierrelopez.com\/wp-content\/uploads\/2021\/09\/AboutPage-ChefSection-Shape-167x300.png 167w\" sizes=\"(max-width: 316px) 100vw, 316px\" \/>\t\t\t\t\t\t\t\t\t\t\t\t\t\t\t<\/div>\n\t\t\t\t<\/div>\n\t\t\t\t<div class=\"elementor-element elementor-element-1805f567 elementor-widget elementor-widget-spacer\" data-id=\"1805f567\" data-element_type=\"widget\" data-widget_type=\"spacer.default\">\n\t\t\t\t<div class=\"elementor-widget-container\">\n\t\t\t\t\t<div class=\"elementor-spacer\">\n\t\t\t<div class=\"elementor-spacer-inner\"><\/div>\n\t\t<\/div>\n\t\t\t\t<\/div>\n\t\t\t\t<\/div>\n\t\t\t\t\t<\/div>\n\t\t<\/div>\n\t\t\t\t<div class=\"elementor-column elementor-col-50 elementor-top-column elementor-element elementor-element-3af1ec3f\" data-id=\"3af1ec3f\" data-element_type=\"column\">\n\t\t\t<div class=\"elementor-widget-wrap elementor-element-populated\">\n\t\t\t\t\t\t\t\t<div class=\"elementor-element elementor-element-3c449e33 elementor-widget elementor-widget-heading\" data-id=\"3c449e33\" data-element_type=\"widget\" data-widget_type=\"heading.default\">\n\t\t\t\t<div class=\"elementor-widget-container\">\n\t\t\t<h4 class=\"elementor-heading-title elementor-size-default\">Rencontrez le designer<\/h4>\t\t<\/div>\n\t\t\t\t<\/div>\n\t\t\t\t<div class=\"elementor-element elementor-element-6214ffd5 elementor-widget elementor-widget-heading\" data-id=\"6214ffd5\" data-element_type=\"widget\" data-widget_type=\"heading.default\">\n\t\t\t\t<div class=\"elementor-widget-container\">\n\t\t\t<h1 class=\"elementor-heading-title elementor-size-default\">JEAN PIERRE LOPEZ<\/h1>\t\t<\/div>\n\t\t\t\t<\/div>\n\t\t\t\t<div class=\"elementor-element elementor-element-6bce476f elementor-widget-divider--view-line elementor-widget elementor-widget-divider\" data-id=\"6bce476f\" data-element_type=\"widget\" data-widget_type=\"divider.default\">\n\t\t\t\t<div class=\"elementor-widget-container\">\n\t\t\t\t\t<div class=\"elementor-divider\">\n\t\t\t<span class=\"elementor-divider-separator\">\n\t\t\t\t\t\t<\/span>\n\t\t<\/div>\n\t\t\t\t<\/div>\n\t\t\t\t<\/div>\n\t\t\t\t<div class=\"elementor-element elementor-element-2481a362 elementor-widget elementor-widget-text-editor\" data-id=\"2481a362\" data-element_type=\"widget\" data-widget_type=\"text-editor.default\">\n\t\t\t\t<div class=\"elementor-widget-container\">\n\t\t\t\t\t\t\t<ul>\n \t<li><strong>Christian Dior<\/strong>(Stage) \/ Studio mode avec Gianfranco Ferr\u00e9<\/li> \n \t<li><strong>Balenciaga \/<\/strong>\u00a0Mode studio avec Michel Goma<\/li>\n \t<li><strong>Courr\u00e8ges \/<\/strong>\u00a0Mode studio avec Andr\u00e9 Courr\u00e8ges<\/li>\n \t<li><strong>Pierre Cardin \/<\/strong>\u00a0Studio mode avec Monsieur Pierre Cardin<\/li>\n<\/ul>\t\t\t\t\t\t<\/div>\n\t\t\t\t<\/div>\n\t\t\t\t<div class=\"elementor-element elementor-element-4f73736 elementor-align-center elementor-widget elementor-widget-button\" data-id=\"4f73736\" data-element_type=\"widget\" data-widget_type=\"button.default\">\n\t\t\t\t<div class=\"elementor-widget-container\">\n\t\t\t\t\t<div class=\"elementor-button-wrapper\">\n\t\t\t<a href=\"http:\/\/jeanpierrelopez.com\/fr\/tienda\/\" class=\"elementor-button-link elementor-button elementor-size-md\" role=\"button\">\n\t\t\t\t\t\t<span class=\"elementor-button-content-wrapper\">\n\t\t\t\t\t\t<span class=\"elementor-button-text\">Voir les collections<\/span>\n\t\t<\/span>\n\t\t\t\t\t<\/a>\n\t\t<\/div>\n\t\t\t\t<\/div>\n\t\t\t\t<\/div>\n\t\t\t\t\t<\/div>\n\t\t<\/div>\n\t\t\t\t\t\t\t<\/div>\n\t\t<\/section>\n\t\t\t\t<section class=\"elementor-section elementor-top-section elementor-element elementor-element-673e97ee elementor-section-height-min-height elementor-section-items-stretch elementor-section-content-middle elementor-section-full_width elementor-section-height-default\" data-id=\"673e97ee\" data-element_type=\"section\">\n\t\t\t\t\t\t<div class=\"elementor-container elementor-column-gap-no\">\n\t\t\t\t\t<div class=\"elementor-column elementor-col-100 elementor-top-column elementor-element elementor-element-5bb353a\" data-id=\"5bb353a\" data-element_type=\"column\" data-settings=\"{&quot;background_background&quot;:&quot;classic&quot;}\">\n\t\t\t<div class=\"elementor-widget-wrap elementor-element-populated\">\n\t\t\t\t\t\t\t\t<div class=\"elementor-element elementor-element-40daf897 elementor-widget elementor-widget-heading\" data-id=\"40daf897\" data-element_type=\"widget\" data-widget_type=\"heading.default\">\n\t\t\t\t<div class=\"elementor-widget-container\">\n\t\t\t<h2 class=\"elementor-heading-title elementor-size-default\">Rejoignez le club<\/h2>\t\t<\/div>\n\t\t\t\t<\/div>\n\t\t\t\t<div class=\"elementor-element elementor-element-5f4f10db elementor-widget elementor-widget-text-editor\" data-id=\"5f4f10db\" data-element_type=\"widget\" data-widget_type=\"text-editor.default\">\n\t\t\t\t<div class=\"elementor-widget-container\">\n\t\t\t\t\t\t\t<p>Recevez nos derni\u00e8res nouvelles et offres dans votre bo\u00eete aux lettres \u00e9lectronique !<\/p>\t\t\t\t\t\t<\/div>\n\t\t\t\t<\/div>\n\t\t\t\t<div class=\"elementor-element elementor-element-4c9fd725 elementor-button-align-stretch elementor-widget elementor-widget-form\" data-id=\"4c9fd725\" data-element_type=\"widget\" data-settings=\"{&quot;step_next_label&quot;:&quot;Next&quot;,&quot;step_previous_label&quot;:&quot;Previous&quot;,&quot;button_width&quot;:&quot;100&quot;,&quot;step_type&quot;:&quot;number_text&quot;,&quot;step_icon_shape&quot;:&quot;circle&quot;}\" data-widget_type=\"form.default\">\n\t\t\t\t<div class=\"elementor-widget-container\">\n\t\t\t\t\t<form class=\"elementor-form\" method=\"post\" name=\"Newsletter\" action=\"\">\n\t\t\t<input type=\"hidden\" name=\"post_id\" value=\"268\"\/>\n\t\t\t<input type=\"hidden\" name=\"form_id\" value=\"4c9fd725\"\/>\n\t\t\t<input type=\"hidden\" name=\"referer_title\" value=\"jean pierre lopez\" \/>\n\n\t\t\t\n\t\t\t<div class=\"elementor-form-fields-wrapper elementor-labels-\">\n\t\t\t\t\t\t\t\t<div class=\"elementor-field-type-email elementor-field-group elementor-column elementor-field-group-email elementor-col-100 elementor-field-required\">\n\t\t\t\t\t<label for=\"form-field-email\" class=\"elementor-field-label elementor-screen-only\">Courriel :<\/label><input size=\"1\" type=\"email\" name=\"form_fields[email]\" id=\"form-field-email\" class=\"elementor-field elementor-size-sm  elementor-field-textual\" placeholder=\"Courriel :\" required=\"required\" aria-required=\"true\">\t\t\t\t<\/div>\n\t\t\t\t\t\t\t\t<div class=\"elementor-field-group elementor-column elementor-field-type-submit elementor-col-100 e-form__buttons\">\n\t\t\t\t\t<button type=\"submit\" class=\"elementor-button elementor-size-sm elementor-animation-shrink\">\n\t\t\t\t\t\t<span >\n\t\t\t\t\t\t\t\t\t\t\t\t\t\t\t<span class=\"elementor-button-icon\">\n\t\t\t\t\t\t\t\t\t\t\t\t\t\t\t\t\t\t\t\t\t\t\t\t\t\t<\/span>\n\t\t\t\t\t\t\t\t\t\t\t\t\t\t\t\t\t\t\t\t\t\t<span class=\"elementor-button-text\">SUBSCRIBE<\/span>\n\t\t\t\t\t\t\t\t\t\t\t\t\t<\/span>\n\t\t\t\t\t<\/button>\n\t\t\t\t<\/div>\n\t\t\t<\/div>\n\t\t<input type=\"hidden\" name=\"trp-form-language\" value=\"fr\"\/><\/form>\n\t\t\t\t<\/div>\n\t\t\t\t<\/div>\n\t\t\t\t\t<\/div>\n\t\t<\/div>\n\t\t\t\t\t\t\t<\/div>\n\t\t<\/section>\n\t\t\t\t\t\t<\/div>\n\t\t\t\t\t<\/div>","protected":false},"excerpt":{"rendered":"<p>Made in ibiza El taller El taller estudio de jean-pierre lopez est un vaisseau spatial situ\u00e9 entre la mer et la montagne sur l'\u00eele blanche d'Ibiza. Le leitmotiv de la maison est de cr\u00e9er et d'innover, loin des codes actuels de la production de masse de v\u00eatements. Ici, c'est le silence et le temps qui priment. Chaque v\u00eatement [...]<\/p>","protected":false},"author":1,"featured_media":0,"parent":0,"menu_order":0,"comment_status":"closed","ping_status":"closed","template":"elementor_header_footer","meta":[],"yoast_head":"<!-- This site is optimized with the Yoast SEO plugin v17.3 - https:\/\/yoast.com\/wordpress\/plugins\/seo\/ -->\n<title>About - jean pierre lopez<\/title>\n<meta name=\"robots\" content=\"index, follow, max-snippet:-1, max-image-preview:large, max-video-preview:-1\" \/>\n<link rel=\"canonical\" href=\"https:\/\/jeanpierrelopez.com\/fr\/about\/\" \/>\n<meta property=\"og:locale\" content=\"fr_FR\" \/>\n<meta property=\"og:type\" content=\"article\" \/>\n<meta property=\"og:title\" content=\"About - jean pierre lopez\" \/>\n<meta property=\"og:description\" content=\"Made in ibiza El taller El taller estudio de jean-pierre lopez es una nave espacial ubicada entre mar y monta\u00f1a en la isla blanca, Ibiza. El leitmotiv de la casa es crear e innovar, lejos de los c\u00f3digos actuales de la producci\u00f3n en masa de ropa. Aqu\u00ed prima el silencio y el tiempo. Cada prenda [&hellip;]\" \/>\n<meta property=\"og:url\" content=\"https:\/\/jeanpierrelopez.com\/fr\/about\/\" \/>\n<meta property=\"og:site_name\" content=\"jean pierre lopez\" \/>\n<meta property=\"article:modified_time\" content=\"2024-01-29T18:33:38+00:00\" \/>\n<meta property=\"og:image\" content=\"https:\/\/jeanpierrelopez.com\/wp-content\/uploads\/2021\/09\/GalleryPage-Shape.png\" \/>\n<meta name=\"twitter:card\" content=\"summary_large_image\" \/>\n<meta name=\"twitter:label1\" content=\"Dur\u00e9e de lecture estim\u00e9e\" \/>\n\t<meta name=\"twitter:data1\" content=\"2 minutes\" \/>\n<script type=\"application\/ld+json\" class=\"yoast-schema-graph\">{\"@context\":\"https:\/\/schema.org\",\"@graph\":[{\"@type\":[\"Person\",\"Organization\"],\"@id\":\"https:\/\/jeanpierrelopez.com\/#\/schema\/person\/1986b3bb794904a4b2231b7c2aac5521\",\"name\":\"Jean Pierre Lopez\",\"image\":{\"@type\":\"ImageObject\",\"@id\":\"https:\/\/jeanpierrelopez.com\/#personlogo\",\"inLanguage\":\"fr-FR\",\"url\":\"http:\/\/jeanpierrelopez.com\/wp-content\/uploads\/2021\/09\/cropped-logo.jpg\",\"contentUrl\":\"http:\/\/jeanpierrelopez.com\/wp-content\/uploads\/2021\/09\/cropped-logo.jpg\",\"width\":480,\"height\":136,\"caption\":\"Jean Pierre Lopez\"},\"logo\":{\"@id\":\"https:\/\/jeanpierrelopez.com\/#personlogo\"},\"sameAs\":[\"http:\/\/jeanpierrelopez.com\"]},{\"@type\":\"WebSite\",\"@id\":\"https:\/\/jeanpierrelopez.com\/#website\",\"url\":\"https:\/\/jeanpierrelopez.com\/\",\"name\":\"jean pierre lopez\",\"description\":\"Prestige Ibiza\",\"publisher\":{\"@id\":\"https:\/\/jeanpierrelopez.com\/#\/schema\/person\/1986b3bb794904a4b2231b7c2aac5521\"},\"potentialAction\":[{\"@type\":\"SearchAction\",\"target\":{\"@type\":\"EntryPoint\",\"urlTemplate\":\"https:\/\/jeanpierrelopez.com\/?s={search_term_string}\"},\"query-input\":\"required name=search_term_string\"}],\"inLanguage\":\"fr-FR\"},{\"@type\":\"ImageObject\",\"@id\":\"https:\/\/jeanpierrelopez.com\/about\/#primaryimage\",\"inLanguage\":\"fr-FR\",\"url\":\"https:\/\/jeanpierrelopez.com\/wp-content\/uploads\/2021\/09\/GalleryPage-Shape.png\",\"contentUrl\":\"https:\/\/jeanpierrelopez.com\/wp-content\/uploads\/2021\/09\/GalleryPage-Shape.png\",\"width\":262,\"height\":357},{\"@type\":\"WebPage\",\"@id\":\"https:\/\/jeanpierrelopez.com\/about\/#webpage\",\"url\":\"https:\/\/jeanpierrelopez.com\/about\/\",\"name\":\"About - jean pierre lopez\",\"isPartOf\":{\"@id\":\"https:\/\/jeanpierrelopez.com\/#website\"},\"primaryImageOfPage\":{\"@id\":\"https:\/\/jeanpierrelopez.com\/about\/#primaryimage\"},\"datePublished\":\"2021-09-29T07:52:40+00:00\",\"dateModified\":\"2024-01-29T18:33:38+00:00\",\"breadcrumb\":{\"@id\":\"https:\/\/jeanpierrelopez.com\/about\/#breadcrumb\"},\"inLanguage\":\"fr-FR\",\"potentialAction\":[{\"@type\":\"ReadAction\",\"target\":[\"https:\/\/jeanpierrelopez.com\/about\/\"]}]},{\"@type\":\"BreadcrumbList\",\"@id\":\"https:\/\/jeanpierrelopez.com\/about\/#breadcrumb\",\"itemListElement\":[{\"@type\":\"ListItem\",\"position\":1,\"name\":\"Portada\",\"item\":\"https:\/\/jeanpierrelopez.com\/\"},{\"@type\":\"ListItem\",\"position\":2,\"name\":\"About\"}]}]}<\/script>\n<!-- \/ Yoast SEO plugin. -->","yoast_head_json":{"title":"About - jean pierre lopez","robots":{"index":"index","follow":"follow","max-snippet":"max-snippet:-1","max-image-preview":"max-image-preview:large","max-video-preview":"max-video-preview:-1"},"canonical":"https:\/\/jeanpierrelopez.com\/fr\/about\/","og_locale":"fr_FR","og_type":"article","og_title":"About - jean pierre lopez","og_description":"Made in ibiza El taller El taller estudio de jean-pierre lopez es una nave espacial ubicada entre mar y monta\u00f1a en la isla blanca, Ibiza. El leitmotiv de la casa es crear e innovar, lejos de los c\u00f3digos actuales de la producci\u00f3n en masa de ropa. Aqu\u00ed prima el silencio y el tiempo. Cada prenda [&hellip;]","og_url":"https:\/\/jeanpierrelopez.com\/fr\/about\/","og_site_name":"jean pierre lopez","article_modified_time":"2024-01-29T18:33:38+00:00","og_image":[{"url":"https:\/\/jeanpierrelopez.com\/wp-content\/uploads\/2021\/09\/GalleryPage-Shape.png"}],"twitter_card":"summary_large_image","twitter_misc":{"Dur\u00e9e de lecture estim\u00e9e":"2 minutes"},"schema":{"@context":"https:\/\/schema.org","@graph":[{"@type":["Person","Organization"],"@id":"https:\/\/jeanpierrelopez.com\/#\/schema\/person\/1986b3bb794904a4b2231b7c2aac5521","name":"Jean Pierre Lopez","image":{"@type":"ImageObject","@id":"https:\/\/jeanpierrelopez.com\/#personlogo","inLanguage":"fr-FR","url":"http:\/\/jeanpierrelopez.com\/wp-content\/uploads\/2021\/09\/cropped-logo.jpg","contentUrl":"http:\/\/jeanpierrelopez.com\/wp-content\/uploads\/2021\/09\/cropped-logo.jpg","width":480,"height":136,"caption":"Jean Pierre Lopez"},"logo":{"@id":"https:\/\/jeanpierrelopez.com\/#personlogo"},"sameAs":["http:\/\/jeanpierrelopez.com"]},{"@type":"WebSite","@id":"https:\/\/jeanpierrelopez.com\/#website","url":"https:\/\/jeanpierrelopez.com\/","name":"jean pierre lopez","description":"Prestige Ibiza","publisher":{"@id":"https:\/\/jeanpierrelopez.com\/#\/schema\/person\/1986b3bb794904a4b2231b7c2aac5521"},"potentialAction":[{"@type":"SearchAction","target":{"@type":"EntryPoint","urlTemplate":"https:\/\/jeanpierrelopez.com\/?s={search_term_string}"},"query-input":"required name=search_term_string"}],"inLanguage":"fr-FR"},{"@type":"ImageObject","@id":"https:\/\/jeanpierrelopez.com\/about\/#primaryimage","inLanguage":"fr-FR","url":"https:\/\/jeanpierrelopez.com\/wp-content\/uploads\/2021\/09\/GalleryPage-Shape.png","contentUrl":"https:\/\/jeanpierrelopez.com\/wp-content\/uploads\/2021\/09\/GalleryPage-Shape.png","width":262,"height":357},{"@type":"WebPage","@id":"https:\/\/jeanpierrelopez.com\/about\/#webpage","url":"https:\/\/jeanpierrelopez.com\/about\/","name":"About - jean pierre lopez","isPartOf":{"@id":"https:\/\/jeanpierrelopez.com\/#website"},"primaryImageOfPage":{"@id":"https:\/\/jeanpierrelopez.com\/about\/#primaryimage"},"datePublished":"2021-09-29T07:52:40+00:00","dateModified":"2024-01-29T18:33:38+00:00","breadcrumb":{"@id":"https:\/\/jeanpierrelopez.com\/about\/#breadcrumb"},"inLanguage":"fr-FR","potentialAction":[{"@type":"ReadAction","target":["https:\/\/jeanpierrelopez.com\/about\/"]}]},{"@type":"BreadcrumbList","@id":"https:\/\/jeanpierrelopez.com\/about\/#breadcrumb","itemListElement":[{"@type":"ListItem","position":1,"name":"Portada","item":"https:\/\/jeanpierrelopez.com\/"},{"@type":"ListItem","position":2,"name":"About"}]}]}},"_links":{"self":[{"href":"https:\/\/jeanpierrelopez.com\/fr\/wp-json\/wp\/v2\/pages\/268"}],"collection":[{"href":"https:\/\/jeanpierrelopez.com\/fr\/wp-json\/wp\/v2\/pages"}],"about":[{"href":"https:\/\/jeanpierrelopez.com\/fr\/wp-json\/wp\/v2\/types\/page"}],"author":[{"embeddable":true,"href":"https:\/\/jeanpierrelopez.com\/fr\/wp-json\/wp\/v2\/users\/1"}],"replies":[{"embeddable":true,"href":"https:\/\/jeanpierrelopez.com\/fr\/wp-json\/wp\/v2\/comments?post=268"}],"version-history":[{"count":34,"href":"https:\/\/jeanpierrelopez.com\/fr\/wp-json\/wp\/v2\/pages\/268\/revisions"}],"predecessor-version":[{"id":884,"href":"https:\/\/jeanpierrelopez.com\/fr\/wp-json\/wp\/v2\/pages\/268\/revisions\/884"}],"wp:attachment":[{"href":"https:\/\/jeanpierrelopez.com\/fr\/wp-json\/wp\/v2\/media?parent=268"}],"curies":[{"name":"wp","href":"https:\/\/api.w.org\/{rel}","templated":true}]}}